{"id":53,"date":"2009-03-28T15:47:58","date_gmt":"2009-03-28T19:47:58","guid":{"rendered":"http:\/\/www.lengua-aymara.com\/?page_id=53"},"modified":"2017-03-01T16:42:45","modified_gmt":"2017-03-01T15:42:45","slug":"quienes-somos","status":"publish","type":"page","link":"https:\/\/www.aymara.org\/lengua\/quienes-somos\/","title":{"rendered":"khit\u00efpxtansa"},"content":{"rendered":"<h2>A. Condori<\/h2>\n<p><a href=\"https:\/\/goo.gl\/forms\/lnhWluWdV8FSzdny2\" target=\"_blank\">[Env\u00eda un mensaje personal a A. Condori]<\/a><\/p>\n<p>Algunas personas pueden sentirse un poco confusas por el tono que quien suscribe le da a este blog. Contaba con que ocurriese algo as\u00ed, algo como lo que, por ejemplo, da lugar a un comentario de Amazilia Alba que describe como \u00abno faith-no hope\u00bb las sensaciones que le transmiten algunos de mis art\u00edculos. Sin embargo conviene dejar totalmente claro que Mayachat Aymara es un medio que trata de entender, as\u00ed como tambi\u00e9n de poner en palabras y transmitir la problem\u00e1tica de la lengua aymara en el mundo contempor\u00e1neo, que al fin y al cabo viene a ser la del multiling\u00fcismo en un escenario globalizado sometido a la acci\u00f3n de fuerzas hegemonicas tradicionalistas. Esta comprensi\u00f3n\/digesti\u00f3n de la situaci\u00f3n actual del idioma aymara, que trata de evitar el placebo autocomplaciente del chovinismo, puede dejar un poso amargo que muchos lectores van a encontrar inaguantablemente agresivo hacia su sensibilidad adormecida por a\u00f1os de discurso exotista, m\u00edstico y folcl\u00f3rico totalmente ajeno al verdadero drama de un idioma minorizado como el aymara.<\/p>\n<p>No es mi intenci\u00f3n sembrar el pesimismo. Tampoco es mi intenci\u00f3n ser \u00fanicamente informativo sobre la situaci\u00f3n de la lengua. Mi intenci\u00f3n la explica mejor la siguiente cita de Malcolm X: <em>\u00abNormalmente cuando nos entristecemos no actuamos, nos limitamos a la autocompasi\u00f3n. Es cuando nos indignamos cuando cambiamos las cosas\u00bb<\/em>. Bueno, de eso se trata este blog, de sustentar motivadamente la indignacion (y muchas veces la verg\u00fcenza) de los aymaras con respecto al estado de nuestra lengua y con respecto a nuestras propias actitudes hacia ella. Habr\u00e9 fracasado si se me entiende unicamente como un quintacolumnista del pesimismo.<\/p>\n<p>Por supuesto, leamos el pie del blog: \u00abaprendizaje, ense\u00f1anza, normalizaci\u00f3n y pol\u00edtica ling\u00fcistica\u00bb, hablo de todo esto y, a la vez, hablo de lo anterior.<\/p>\n<p>Otro objetivo: poner en contexto la lucha del idioma aymara en un escenario global de luchas ling\u00fc\u00edsticas. Muchos de nuestros intelectuales necesitan saber que hay un mundo ah\u00ed fuera donde otras lenguas triunfan y fracasan en el gran juego de los idiomas minorizados. El aymara, si quiere pervivir, no puede encerrarse en su propia burbuja de cristal. Tiene que mirar a otros casos de \u00e9xito. S\u00ed, tambien en Europa&#8230; s\u00ed, tambien en Norteam\u00e9rica&#8230; y s\u00ed, tiene que saber que no est\u00e1 solo&#8230; y s\u00ed, tiene que saber que debe internacionalizarse y pedir ayuda.<\/p>\n<p>\u00bfMi deseo para los lectores de este blog? Que su lectura les inspire una gran indignaci\u00f3n, una gran rabia y que les haga sentirse verdaderamente inc\u00f3modos, sobre todo si son aymaras. Creo que lo necesitamos.<\/p>\n","protected":false},"excerpt":{"rendered":"<p>A. Condori [Env\u00eda un mensaje personal a A. Condori] Algunas personas pueden sentirse un poco confusas por el tono que quien suscribe le da a este blog. Contaba con que ocurriese algo as\u00ed, algo como lo que, por ejemplo, da &hellip; <a href=\"https:\/\/www.aymara.org\/lengua\/quienes-somos\/\">Sigue leyendo <span class=\"meta-nav\">&rarr;<\/span><\/a><\/p>\n","protected":false},"author":2,"featured_media":0,"parent":0,"menu_order":0,"comment_status":"closed","ping_status":"open","template":"","meta":{"footnotes":""},"class_list":["post-53","page","type-page","status-publish","hentry"],"_links":{"self":[{"href":"https:\/\/www.aymara.org\/lengua\/wp-json\/wp\/v2\/pages\/53","targetHints":{"allow":["GET"]}}],"collection":[{"href":"https:\/\/www.aymara.org\/lengua\/wp-json\/wp\/v2\/pages"}],"about":[{"href":"https:\/\/www.aymara.org\/lengua\/wp-json\/wp\/v2\/types\/page"}],"author":[{"embeddable":true,"href":"https:\/\/www.aymara.org\/lengua\/wp-json\/wp\/v2\/users\/2"}],"replies":[{"embeddable":true,"href":"https:\/\/www.aymara.org\/lengua\/wp-json\/wp\/v2\/comments?post=53"}],"version-history":[{"count":2,"href":"https:\/\/www.aymara.org\/lengua\/wp-json\/wp\/v2\/pages\/53\/revisions"}],"predecessor-version":[{"id":1720,"href":"https:\/\/www.aymara.org\/lengua\/wp-json\/wp\/v2\/pages\/53\/revisions\/1720"}],"wp:attachment":[{"href":"https:\/\/www.aymara.org\/lengua\/wp-json\/wp\/v2\/media?parent=53"}],"curies":[{"name":"wp","href":"https:\/\/api.w.org\/{rel}","templated":true}]}}